{"id":101,"date":"2025-08-18T22:18:40","date_gmt":"2025-08-18T22:18:40","guid":{"rendered":"https:\/\/televo.vinteo.com.br\/?page_id=101"},"modified":"2025-08-27T18:56:58","modified_gmt":"2025-08-27T18:56:58","slug":"sobre-nos","status":"publish","type":"page","link":"https:\/\/televo.vinteo.com.br\/index.php\/sobre-nos\/","title":{"rendered":"sobre nos"},"content":{"rendered":"\t\t<div data-elementor-type=\"wp-page\" data-elementor-id=\"101\" class=\"elementor elementor-101\" data-elementor-settings=\"{&quot;ha_cmc_init_switcher&quot;:&quot;no&quot;}\" data-elementor-post-type=\"page\">\n\t\t\t\t<div class=\"elementor-element elementor-element-264217c e-flex e-con-boxed e-con e-parent\" data-id=\"264217c\" data-element_type=\"container\" data-settings=\"{&quot;background_background&quot;:&quot;classic&quot;,&quot;_ha_eqh_enable&quot;:false}\">\n\t\t\t\t\t<div class=\"e-con-inner\">\n\t\t\t\t<div class=\"elementor-element elementor-element-954e28e elementor-widget elementor-widget-heading\" data-id=\"954e28e\" data-element_type=\"widget\" data-widget_type=\"heading.default\">\n\t\t\t\t\t<h2 class=\"elementor-heading-title elementor-size-default\">Com foco na<font color=\"#FFAF00\">hist\u00f3ria<br> de supera\u00e7\u00e3o!<\/font><\/h2>\t\t\t\t<\/div>\n\t\t\t\t<div class=\"elementor-element elementor-element-5e644a8 elementor-widget elementor-widget-text-editor\" data-id=\"5e644a8\" data-element_type=\"widget\" data-widget_type=\"text-editor.default\">\n\t\t\t\t\t\t\t\t\t<p>Mobilidade com respeito, pre\u00e7o justo e motoristas valorizados.<\/p>\t\t\t\t\t\t\t\t<\/div>\n\t\t\t\t<div class=\"elementor-element elementor-element-2f1b147 elementor-view-default elementor-widget elementor-widget-icon\" data-id=\"2f1b147\" data-element_type=\"widget\" data-widget_type=\"icon.default\">\n\t\t\t\t\t\t\t<div class=\"elementor-icon-wrapper\">\n\t\t\t<div class=\"elementor-icon\">\n\t\t\t<i aria-hidden=\"true\" class=\"huge huge-arrow-down-02-round\"><\/i>\t\t\t<\/div>\n\t\t<\/div>\n\t\t\t\t\t\t<\/div>\n\t\t\t\t<div class=\"elementor-element elementor-element-01ebf4a elementor-widget elementor-widget-text-editor\" data-id=\"01ebf4a\" data-element_type=\"widget\" data-widget_type=\"text-editor.default\">\n\t\t\t\t\t\t\t\t\t<p>role para conhecer nossa jornada<\/p>\t\t\t\t\t\t\t\t<\/div>\n\t\t\t\t\t<\/div>\n\t\t\t\t<\/div>\n\t\t<div class=\"elementor-element elementor-element-9cce7ba e-flex e-con-boxed e-con e-parent\" data-id=\"9cce7ba\" data-element_type=\"container\" data-settings=\"{&quot;_ha_eqh_enable&quot;:false}\">\n\t\t\t\t\t<div class=\"e-con-inner\">\n\t\t<div class=\"elementor-element elementor-element-bbb5a86 e-con-full e-flex e-con e-child\" data-id=\"bbb5a86\" data-element_type=\"container\" data-settings=\"{&quot;_ha_eqh_enable&quot;:false}\">\n\t\t\t\t<div class=\"elementor-element elementor-element-fc1ff61 elementor-widget elementor-widget-image\" data-id=\"fc1ff61\" data-element_type=\"widget\" data-widget_type=\"image.default\">\n\t\t\t\t\t\t\t\t\t\t\t\t\t\t\t<img fetchpriority=\"high\" decoding=\"async\" width=\"800\" height=\"749\" src=\"https:\/\/televo.vinteo.com.br\/wp-content\/uploads\/2025\/08\/Group-29-1024x959.webp\" class=\"attachment-large size-large wp-image-135\" alt=\"\" srcset=\"https:\/\/televo.vinteo.com.br\/wp-content\/uploads\/2025\/08\/Group-29-1024x959.webp 1024w, https:\/\/televo.vinteo.com.br\/wp-content\/uploads\/2025\/08\/Group-29-300x281.webp 300w, https:\/\/televo.vinteo.com.br\/wp-content\/uploads\/2025\/08\/Group-29-768x719.webp 768w, https:\/\/televo.vinteo.com.br\/wp-content\/uploads\/2025\/08\/Group-29.webp 1173w\" sizes=\"(max-width: 800px) 100vw, 800px\" \/>\t\t\t\t\t\t\t\t\t\t\t\t\t\t\t<\/div>\n\t\t\t\t<\/div>\n\t\t<div class=\"elementor-element elementor-element-d0f1a1e e-con-full e-flex e-con e-child\" data-id=\"d0f1a1e\" data-element_type=\"container\" data-settings=\"{&quot;_ha_eqh_enable&quot;:false}\">\n\t\t\t\t<div class=\"elementor-element elementor-element-0c099c3 elementor-widget elementor-widget-button\" data-id=\"0c099c3\" data-element_type=\"widget\" data-widget_type=\"button.default\">\n\t\t\t\t\t\t\t\t\t\t<a class=\"elementor-button elementor-button-link elementor-size-sm\" href=\"#\">\n\t\t\t\t\t\t<span class=\"elementor-button-content-wrapper\">\n\t\t\t\t\t\t\t\t\t<span class=\"elementor-button-text\">Nossa hist\u00f3ria<\/span>\n\t\t\t\t\t<\/span>\n\t\t\t\t\t<\/a>\n\t\t\t\t\t\t\t\t<\/div>\n\t\t\t\t<div class=\"elementor-element elementor-element-68b9cf2 elementor-widget elementor-widget-heading\" data-id=\"68b9cf2\" data-element_type=\"widget\" data-widget_type=\"heading.default\">\n\t\t\t\t\t<h2 class=\"elementor-heading-title elementor-size-default\">Tudo come\u00e7a<Br><font color=\"#0A7BB1\"> com movimento!<\/font><\/h2>\t\t\t\t<\/div>\n\t\t\t\t<div class=\"elementor-element elementor-element-09d3118 elementor-widget elementor-widget-text-editor\" data-id=\"09d3118\" data-element_type=\"widget\" data-widget_type=\"text-editor.default\">\n\t\t\t\t\t\t\t\t\t<p>Mobilizamos o mundo. \u00c9 a nossa for\u00e7a vital, pulsando em nossas veias, nos impulsionando a cada amanhecer.<\/p>\t\t\t\t\t\t\t\t<\/div>\n\t\t\t\t<div class=\"elementor-element elementor-element-5c69259 elementor-widget elementor-widget-text-editor\" data-id=\"5c69259\" data-element_type=\"widget\" data-widget_type=\"text-editor.default\">\n\t\t\t\t\t\t\t\t\t<p>Essa energia nos inspira a reimaginar constantemente como podemos nos deslocar de maneira mais eficiente.<\/p>\t\t\t\t\t\t\t\t<\/div>\n\t\t\t\t<div class=\"elementor-element elementor-element-d1e305e elementor-widget elementor-widget-text-editor\" data-id=\"d1e305e\" data-element_type=\"widget\" data-widget_type=\"text-editor.default\">\n\t\t\t\t\t\t\t\t\t<p>\u00c9 por voc\u00ea, pelos destinos que esperam por voc\u00ea, por tudo o que almeja conquistar e por todas as formas de ganhar dinheiro.<\/p>\t\t\t\t\t\t\t\t<\/div>\n\t\t\t\t<div class=\"elementor-element elementor-element-ef8a03d elementor-widget elementor-widget-text-editor\" data-id=\"ef8a03d\" data-element_type=\"widget\" data-widget_type=\"text-editor.default\">\n\t\t\t\t\t\t\t\t\t<p>Operamos em todo o mundo, em tempo real, na incr\u00edvel velocidade do agora, para proporcionar solu\u00e7\u00f5es que atendam \u00e0s suas necessidades e desejos.<\/p>\t\t\t\t\t\t\t\t<\/div>\n\t\t\t\t<\/div>\n\t\t\t\t\t<\/div>\n\t\t\t\t<\/div>\n\t\t<div class=\"elementor-element elementor-element-1ff487d e-flex e-con-boxed e-con e-parent\" data-id=\"1ff487d\" data-element_type=\"container\" data-settings=\"{&quot;_ha_eqh_enable&quot;:false}\">\n\t\t\t\t\t<div class=\"e-con-inner\">\n\t\t<div class=\"elementor-element elementor-element-f354678 e-con-full e-flex e-con e-child\" data-id=\"f354678\" data-element_type=\"container\" data-settings=\"{&quot;_ha_eqh_enable&quot;:false}\">\n\t\t<div class=\"elementor-element elementor-element-f2faef7 e-con-full e-flex e-con e-child\" data-id=\"f2faef7\" data-element_type=\"container\" data-settings=\"{&quot;background_background&quot;:&quot;classic&quot;,&quot;_ha_eqh_enable&quot;:false}\">\n\t\t\t\t<div class=\"elementor-element elementor-element-4282637 elementor-widget elementor-widget-heading\" data-id=\"4282637\" data-element_type=\"widget\" data-widget_type=\"heading.default\">\n\t\t\t\t\t<h2 class=\"elementor-heading-title elementor-size-default\">Empresa que auxilia\nseu motorista.<\/h2>\t\t\t\t<\/div>\n\t\t\t\t<\/div>\n\t\t<div class=\"elementor-element elementor-element-f305cd5 e-con-full e-flex e-con e-child\" data-id=\"f305cd5\" data-element_type=\"container\" data-settings=\"{&quot;background_background&quot;:&quot;classic&quot;,&quot;_ha_eqh_enable&quot;:false}\">\n\t\t\t\t<div class=\"elementor-element elementor-element-0ddc914 elementor-widget elementor-widget-heading\" data-id=\"0ddc914\" data-element_type=\"widget\" data-widget_type=\"heading.default\">\n\t\t\t\t\t<h2 class=\"elementor-heading-title elementor-size-default\">Pensamos sempre\nnos nossos clientes.<\/h2>\t\t\t\t<\/div>\n\t\t\t\t<\/div>\n\t\t<div class=\"elementor-element elementor-element-dcba785 e-con-full e-flex e-con e-child\" data-id=\"dcba785\" data-element_type=\"container\" data-settings=\"{&quot;background_background&quot;:&quot;classic&quot;,&quot;_ha_eqh_enable&quot;:false}\">\n\t\t\t\t<div class=\"elementor-element elementor-element-dc5b41f elementor-widget elementor-widget-heading\" data-id=\"dc5b41f\" data-element_type=\"widget\" data-widget_type=\"heading.default\">\n\t\t\t\t\t<h2 class=\"elementor-heading-title elementor-size-default\">Temos foco total\nem qualidade.<\/h2>\t\t\t\t<\/div>\n\t\t\t\t<\/div>\n\t\t<div class=\"elementor-element elementor-element-05205bd e-con-full e-flex e-con e-child\" data-id=\"05205bd\" data-element_type=\"container\" data-settings=\"{&quot;background_background&quot;:&quot;classic&quot;,&quot;_ha_eqh_enable&quot;:false}\">\n\t\t\t\t<div class=\"elementor-element elementor-element-0553b0a elementor-widget elementor-widget-heading\" data-id=\"0553b0a\" data-element_type=\"widget\" data-widget_type=\"heading.default\">\n\t\t\t\t\t<h2 class=\"elementor-heading-title elementor-size-default\">Velocidade, seguran\u00e7a\ne pre\u00e7o justo!<\/h2>\t\t\t\t<\/div>\n\t\t\t\t<\/div>\n\t\t\t\t<\/div>\n\t\t\t\t\t<\/div>\n\t\t\t\t<\/div>\n\t\t<div class=\"elementor-element elementor-element-681dadf e-flex e-con-boxed e-con e-parent\" data-id=\"681dadf\" data-element_type=\"container\" data-settings=\"{&quot;_ha_eqh_enable&quot;:false}\">\n\t\t\t\t\t<div class=\"e-con-inner\">\n\t\t\t\t<div class=\"elementor-element elementor-element-ba20874 elementor-widget elementor-widget-heading\" data-id=\"ba20874\" data-element_type=\"widget\" data-widget_type=\"heading.default\">\n\t\t\t\t\t<h2 class=\"elementor-heading-title elementor-size-default\">Conhe\u00e7a<font color=\"#0A7BB1\"> nossa equipe!<\/font><\/h2>\t\t\t\t<\/div>\n\t\t\t\t<div class=\"elementor-element elementor-element-3b56ea3 elementor-widget elementor-widget-text-editor\" data-id=\"3b56ea3\" data-element_type=\"widget\" data-widget_type=\"text-editor.default\">\n\t\t\t\t\t\t\t\t\t<p>Por tr\u00e1s de cada corrida, tem gente de verdade fazendo acontecer.<\/p>\t\t\t\t\t\t\t\t<\/div>\n\t\t<div class=\"elementor-element elementor-element-85c9bfe e-con-full e-flex e-con e-child\" data-id=\"85c9bfe\" data-element_type=\"container\" data-settings=\"{&quot;_ha_eqh_enable&quot;:false}\">\n\t\t\t\t<div class=\"elementor-element elementor-element-e6c3c9d elementor-flip-box--direction-right elementor-flip-box--effect-flip elementor-widget elementor-widget-flip-box\" data-id=\"e6c3c9d\" data-element_type=\"widget\" data-widget_type=\"flip-box.default\">\n\t\t\t\t\t\t\t<div class=\"elementor-flip-box\" tabindex=\"0\">\n\t\t\t<div class=\"elementor-flip-box__layer elementor-flip-box__front\">\n\t\t\t\t<div class=\"elementor-flip-box__layer__overlay\">\n\t\t\t\t\t<div class=\"elementor-flip-box__layer__inner\">\n\t\t\t\t\t\t\n\t\t\t\t\t\t\n\t\t\t\t\t\t\t\t\t\t\t<\/div>\n\t\t\t\t<\/div>\n\t\t\t<\/div>\n\t\t\t<div class=\"elementor-flip-box__layer elementor-flip-box__back\">\n\t\t\t<div class=\"elementor-flip-box__layer__overlay\">\n\t\t\t\t<div class=\"elementor-flip-box__layer__inner\">\n\t\t\t\t\t\t\t\t\t\t\t<h3 class=\"elementor-flip-box__layer__title\">\n\t\t\t\t\t\t\tThis is the heading\t\t\t\t\t\t<\/h3>\n\t\t\t\t\t\n\t\t\t\t\t\t\t\t\t\t\t<div class=\"elementor-flip-box__layer__description\">\n\t\t\t\t\t\t\tLorem ipsum dolor sit amet consectetur adipiscing elit dolor\t\t\t\t\t\t<\/div>\n\t\t\t\t\t\n\t\t\t\t\t\t\t\t\t\t\t<a class=\"elementor-flip-box__button elementor-button elementor-size-sm\">\n\t\t\t\t\t\t\tClick Here\t\t\t\t\t\t<\/a>\n\t\t\t\t\t\t\t\t<\/div>\n\t\t<\/div>\n\t\t<\/div>\n\t\t<\/div>\n\t\t\t\t\t\t<\/div>\n\t\t\t\t<div class=\"elementor-element elementor-element-6092814 elementor-flip-box--direction-right elementor-flip-box--effect-flip elementor-widget elementor-widget-flip-box\" data-id=\"6092814\" data-element_type=\"widget\" data-widget_type=\"flip-box.default\">\n\t\t\t\t\t\t\t<div class=\"elementor-flip-box\" tabindex=\"0\">\n\t\t\t<div class=\"elementor-flip-box__layer elementor-flip-box__front\">\n\t\t\t\t<div class=\"elementor-flip-box__layer__overlay\">\n\t\t\t\t\t<div class=\"elementor-flip-box__layer__inner\">\n\t\t\t\t\t\t\n\t\t\t\t\t\t\n\t\t\t\t\t\t\t\t\t\t\t<\/div>\n\t\t\t\t<\/div>\n\t\t\t<\/div>\n\t\t\t<div class=\"elementor-flip-box__layer elementor-flip-box__back\">\n\t\t\t<div class=\"elementor-flip-box__layer__overlay\">\n\t\t\t\t<div class=\"elementor-flip-box__layer__inner\">\n\t\t\t\t\t\n\t\t\t\t\t\t\t\t\t\t\t<div class=\"elementor-flip-box__layer__description\">\n\t\t\t\t\t\t\tFundador e CEO da Te Levo Mobile, empresa de transporte por aplicativo, cuja jornada \u00e9 marcada por resili\u00eancia, inova\u00e7\u00e3o e uma abordagem centrada no ser humano.\u2028\u2028Brito enfrentou v\u00e1rias dificuldades, e ap\u00f3s um reencontro tempor\u00e1rio com sua fam\u00edlia, ele continuou em busca de melhorias.\u2028\u2028Essa experi\u00eancia, embora desafiadora, iluminou o caminho para a funda\u00e7\u00e3o da Te Levo. S\u00e9rgio percebeu a falta de suporte aos motoristas e decidiu criar uma solu\u00e7\u00e3o.\t\t\t\t\t\t<\/div>\n\t\t\t\t\t\n\t\t\t\t\t\t\t\t<\/div>\n\t\t<\/div>\n\t\t<\/div>\n\t\t<\/div>\n\t\t\t\t\t\t<\/div>\n\t\t\t\t<div class=\"elementor-element elementor-element-54f9b8e elementor-flip-box--direction-right elementor-flip-box--effect-flip elementor-widget elementor-widget-flip-box\" data-id=\"54f9b8e\" data-element_type=\"widget\" data-widget_type=\"flip-box.default\">\n\t\t\t\t\t\t\t<div class=\"elementor-flip-box\" tabindex=\"0\">\n\t\t\t<div class=\"elementor-flip-box__layer elementor-flip-box__front\">\n\t\t\t\t<div class=\"elementor-flip-box__layer__overlay\">\n\t\t\t\t\t<div class=\"elementor-flip-box__layer__inner\">\n\t\t\t\t\t\t\n\t\t\t\t\t\t\n\t\t\t\t\t\t\t\t\t\t\t<\/div>\n\t\t\t\t<\/div>\n\t\t\t<\/div>\n\t\t\t<div class=\"elementor-flip-box__layer elementor-flip-box__back\">\n\t\t\t<div class=\"elementor-flip-box__layer__overlay\">\n\t\t\t\t<div class=\"elementor-flip-box__layer__inner\">\n\t\t\t\t\t\t\t\t\t\t\t<h3 class=\"elementor-flip-box__layer__title\">\n\t\t\t\t\t\t\tThis is the heading\t\t\t\t\t\t<\/h3>\n\t\t\t\t\t\n\t\t\t\t\t\t\t\t\t\t\t<div class=\"elementor-flip-box__layer__description\">\n\t\t\t\t\t\t\tLorem ipsum dolor sit amet consectetur adipiscing elit dolor\t\t\t\t\t\t<\/div>\n\t\t\t\t\t\n\t\t\t\t\t\t\t\t\t\t\t<a class=\"elementor-flip-box__button elementor-button elementor-size-sm\">\n\t\t\t\t\t\t\tClick Here\t\t\t\t\t\t<\/a>\n\t\t\t\t\t\t\t\t<\/div>\n\t\t<\/div>\n\t\t<\/div>\n\t\t<\/div>\n\t\t\t\t\t\t<\/div>\n\t\t\t\t<div class=\"elementor-element elementor-element-965b875 elementor-flip-box--direction-right elementor-flip-box--effect-flip elementor-widget elementor-widget-flip-box\" data-id=\"965b875\" data-element_type=\"widget\" data-widget_type=\"flip-box.default\">\n\t\t\t\t\t\t\t<div class=\"elementor-flip-box\" tabindex=\"0\">\n\t\t\t<div class=\"elementor-flip-box__layer elementor-flip-box__front\">\n\t\t\t\t<div class=\"elementor-flip-box__layer__overlay\">\n\t\t\t\t\t<div class=\"elementor-flip-box__layer__inner\">\n\t\t\t\t\t\t\n\t\t\t\t\t\t\n\t\t\t\t\t\t\t\t\t\t\t<\/div>\n\t\t\t\t<\/div>\n\t\t\t<\/div>\n\t\t\t<div class=\"elementor-flip-box__layer elementor-flip-box__back\">\n\t\t\t<div class=\"elementor-flip-box__layer__overlay\">\n\t\t\t\t<div class=\"elementor-flip-box__layer__inner\">\n\t\t\t\t\t\t\t\t\t\t\t<h3 class=\"elementor-flip-box__layer__title\">\n\t\t\t\t\t\t\tThis is the heading\t\t\t\t\t\t<\/h3>\n\t\t\t\t\t\n\t\t\t\t\t\t\t\t\t\t\t<div class=\"elementor-flip-box__layer__description\">\n\t\t\t\t\t\t\tLorem ipsum dolor sit amet consectetur adipiscing elit dolor\t\t\t\t\t\t<\/div>\n\t\t\t\t\t\n\t\t\t\t\t\t\t\t\t\t\t<a class=\"elementor-flip-box__button elementor-button elementor-size-sm\">\n\t\t\t\t\t\t\tClick Here\t\t\t\t\t\t<\/a>\n\t\t\t\t\t\t\t\t<\/div>\n\t\t<\/div>\n\t\t<\/div>\n\t\t<\/div>\n\t\t\t\t\t\t<\/div>\n\t\t\t\t<\/div>\n\t\t\t\t\t<\/div>\n\t\t\t\t<\/div>\n\t\t<div class=\"elementor-element elementor-element-a90a21e e-flex e-con-boxed e-con e-parent\" data-id=\"a90a21e\" data-element_type=\"container\" data-settings=\"{&quot;_ha_eqh_enable&quot;:false}\">\n\t\t\t\t\t<div class=\"e-con-inner\">\n\t\t<div class=\"elementor-element elementor-element-f8e1ec6 e-con-full e-flex e-con e-child\" data-id=\"f8e1ec6\" data-element_type=\"container\" data-settings=\"{&quot;_ha_eqh_enable&quot;:false}\">\n\t\t\t\t<div class=\"elementor-element elementor-element-61de24c elementor-widget elementor-widget-heading\" data-id=\"61de24c\" data-element_type=\"widget\" data-widget_type=\"heading.default\">\n\t\t\t\t\t<h2 class=\"elementor-heading-title elementor-size-default\">Empresa<Br><font color=\"#00B100\"> verdadeiramente<\/font><font color=\"#FFAF00\"> \nbrasileira!<\/font><\/h2>\t\t\t\t<\/div>\n\t\t\t\t<div class=\"elementor-element elementor-element-2f2ac82 elementor-widget elementor-widget-text-editor\" data-id=\"2f2ac82\" data-element_type=\"widget\" data-widget_type=\"text-editor.default\">\n\t\t\t\t\t\t\t\t\t<p>Somos uma empresa brasileira, estabelecida na cidade de Arax\u00e1 (MG), e temos a expectativa de expandir nossa presen\u00e7a para mais de 15 cidades em todo o territ\u00f3rio nacional ainda este ano.<\/p>\t\t\t\t\t\t\t\t<\/div>\n\t\t\t\t<div class=\"elementor-element elementor-element-5ebd2e2 elementor-widget elementor-widget-text-editor\" data-id=\"5ebd2e2\" data-element_type=\"widget\" data-widget_type=\"text-editor.default\">\n\t\t\t\t\t\t\t\t\t<p>Essa expans\u00e3o representa n\u00e3o apenas um crescimento geogr\u00e1fico, mas tamb\u00e9m uma oportunidade de oferecer nossos servi\u00e7os e contribuir positivamente em diversas comunidades ao redor do pa\u00eds.<\/p>\t\t\t\t\t\t\t\t<\/div>\n\t\t\t\t<div class=\"elementor-element elementor-element-21cf69c elementor-widget elementor-widget-text-editor\" data-id=\"21cf69c\" data-element_type=\"widget\" data-widget_type=\"text-editor.default\">\n\t\t\t\t\t\t\t\t\t<p>Essa expans\u00e3o representa n\u00e3o apenas um crescimento geogr\u00e1fico, mas tamb\u00e9m uma oportunidade de oferecer nossos servi\u00e7os e conEstamos comprometidos em proporcionar solu\u00e7\u00f5es eficazes e acess\u00edveis em todas as localidades em que estivermos presentes.tribuir positivamente em diversas comunidades ao redor do pa\u00eds.<\/p>\t\t\t\t\t\t\t\t<\/div>\n\t\t\t\t<div class=\"elementor-element elementor-element-c659ab2 elementor-widget elementor-widget-button\" data-id=\"c659ab2\" data-element_type=\"widget\" data-widget_type=\"button.default\">\n\t\t\t\t\t\t\t\t\t\t<a class=\"elementor-button elementor-button-link elementor-size-sm\" href=\"https:\/\/televo.vinteo.com.br\/index.php\/links\/\">\n\t\t\t\t\t\t<span class=\"elementor-button-content-wrapper\">\n\t\t\t\t\t\t<span class=\"elementor-button-icon\">\n\t\t\t\t<svg xmlns=\"http:\/\/www.w3.org\/2000\/svg\" width=\"48\" height=\"36\" viewBox=\"0 0 48 36\" fill=\"none\"><path d=\"M47.9926 18.2724C48.0025 22.0184 46.7872 25.6648 44.5321 28.6559C44.4079 28.8212 44.2524 28.9603 44.0744 29.0655C43.8964 29.1706 43.6994 29.2397 43.4948 29.2687C43.2901 29.2978 43.0817 29.2862 42.8815 29.2347C42.6813 29.1832 42.4932 29.0927 42.328 28.9686C42.1627 28.8444 42.0235 28.6888 41.9184 28.5108C41.8133 28.3329 41.7442 28.1359 41.7152 27.9312C41.6861 27.7266 41.6977 27.5182 41.7492 27.318C41.8007 27.1178 41.8911 26.9297 42.0153 26.7644C43.8613 24.319 44.8557 21.3364 44.8467 18.2724C44.8467 14.5179 43.3552 10.9171 40.7003 8.26219C38.0454 5.60731 34.4446 4.11581 30.69 4.11581C26.9355 4.11581 23.3347 5.60731 20.6798 8.26219C18.0249 10.9171 16.5334 14.5179 16.5334 18.2724C16.5334 18.6896 16.3677 19.0897 16.0727 19.3847C15.7777 19.6797 15.3776 19.8454 14.9605 19.8454C14.5433 19.8454 14.1432 19.6797 13.8482 19.3847C13.5532 19.0897 13.3875 18.6896 13.3875 18.2724C13.3867 16.6851 13.6044 15.1052 14.0344 13.5772C13.8201 13.5536 13.6038 13.5536 13.3875 13.5536C10.8845 13.5536 8.48394 14.5479 6.71402 16.3178C4.94409 18.0877 3.94976 20.4883 3.94976 22.9913C3.94976 25.4944 4.94409 27.8949 6.71402 29.6648C8.48394 31.4347 10.8845 32.4291 13.3875 32.4291H18.1064C18.5236 32.4291 18.9236 32.5948 19.2186 32.8898C19.5136 33.1848 19.6793 33.5848 19.6793 34.002C19.6793 34.4192 19.5136 34.8193 19.2186 35.1143C18.9236 35.4093 18.5236 35.575 18.1064 35.575H13.3875C11.6576 35.5754 9.94619 35.2191 8.36016 34.5284C6.77413 33.8376 5.34756 32.8273 4.16953 31.5605C2.99151 30.2937 2.08733 28.7976 1.51348 27.1656C0.939633 25.5336 0.708433 23.8009 0.834322 22.0756C0.960212 20.3502 1.44049 18.6694 2.24515 17.138C3.04982 15.6067 4.16159 14.2577 5.51103 13.1752C6.86046 12.0928 8.41859 11.3003 10.0881 10.8471C11.7576 10.3939 13.5026 10.2898 15.2141 10.5413C16.9569 7.05559 19.8255 4.26028 23.3552 2.6082C26.8849 0.956113 30.8689 0.544014 34.662 1.43865C38.4551 2.33329 41.8351 4.48226 44.2545 7.53749C46.6739 10.5927 47.9911 14.3753 47.9926 18.2724ZM34.2961 26.5973L30.69 30.2053V18.2724C30.69 17.8553 30.5243 17.4552 30.2293 17.1602C29.9344 16.8652 29.5343 16.6995 29.1171 16.6995C28.6999 16.6995 28.2998 16.8652 28.0048 17.1602C27.7099 17.4552 27.5441 17.8553 27.5441 18.2724V30.2053L23.9381 26.5973C23.643 26.3022 23.2427 26.1363 22.8253 26.1363C22.4079 26.1363 22.0075 26.3022 21.7124 26.5973C21.4172 26.8925 21.2514 27.2928 21.2514 27.7102C21.2514 28.1276 21.4172 28.5279 21.7124 28.8231L28.0042 35.1149C28.1503 35.2611 28.3238 35.3772 28.5147 35.4563C28.7057 35.5355 28.9104 35.5762 29.1171 35.5762C29.3238 35.5762 29.5285 35.5355 29.7194 35.4563C29.9104 35.3772 30.0839 35.2611 30.23 35.1149L36.5218 28.8231C36.8169 28.5279 36.9828 28.1276 36.9828 27.7102C36.9828 27.2928 36.8169 26.8925 36.5218 26.5973C36.2266 26.3022 35.8263 26.1363 35.4089 26.1363C34.9915 26.1363 34.5912 26.3022 34.2961 26.5973Z\" fill=\"white\"><\/path><\/svg>\t\t\t<\/span>\n\t\t\t\t\t\t\t\t\t<span class=\"elementor-button-text\">Baixe o App<\/span>\n\t\t\t\t\t<\/span>\n\t\t\t\t\t<\/a>\n\t\t\t\t\t\t\t\t<\/div>\n\t\t\t\t<\/div>\n\t\t<div class=\"elementor-element elementor-element-58b68f8 e-con-full e-flex e-con e-child\" data-id=\"58b68f8\" data-element_type=\"container\" data-settings=\"{&quot;_ha_eqh_enable&quot;:false}\">\n\t\t\t\t<div class=\"elementor-element elementor-element-669e9c6 elementor-widget elementor-widget-image\" data-id=\"669e9c6\" data-element_type=\"widget\" data-widget_type=\"image.default\">\n\t\t\t\t\t\t\t\t\t\t\t\t\t\t\t<img decoding=\"async\" width=\"1610\" height=\"1504\" src=\"https:\/\/televo.vinteo.com.br\/wp-content\/uploads\/2025\/08\/Group-34.webp\" class=\"attachment-full size-full wp-image-209\" alt=\"\" srcset=\"https:\/\/televo.vinteo.com.br\/wp-content\/uploads\/2025\/08\/Group-34.webp 1610w, https:\/\/televo.vinteo.com.br\/wp-content\/uploads\/2025\/08\/Group-34-300x280.webp 300w, https:\/\/televo.vinteo.com.br\/wp-content\/uploads\/2025\/08\/Group-34-1024x957.webp 1024w, https:\/\/televo.vinteo.com.br\/wp-content\/uploads\/2025\/08\/Group-34-768x717.webp 768w, https:\/\/televo.vinteo.com.br\/wp-content\/uploads\/2025\/08\/Group-34-1536x1435.webp 1536w\" sizes=\"(max-width: 1610px) 100vw, 1610px\" \/>\t\t\t\t\t\t\t\t\t\t\t\t\t\t\t<\/div>\n\t\t\t\t<\/div>\n\t\t\t\t\t<\/div>\n\t\t\t\t<\/div>\n\t\t\t\t<\/div>\n\t\t","protected":false},"excerpt":{"rendered":"<p>Com foco nahist\u00f3ria de supera\u00e7\u00e3o! Mobilidade com respeito, pre\u00e7o justo e motoristas valorizados. role para conhecer nossa jornada Nossa hist\u00f3ria Tudo come\u00e7a com movimento! Mobilizamos o mundo. \u00c9 a nossa for\u00e7a vital, pulsando em nossas veias, nos impulsionando a cada amanhecer. Essa energia nos inspira a reimaginar constantemente como podemos nos deslocar de maneira mais [&hellip;]<\/p>\n","protected":false},"author":1,"featured_media":0,"parent":0,"menu_order":0,"comment_status":"closed","ping_status":"closed","template":"elementor_header_footer","meta":{"footnotes":""},"class_list":["post-101","page","type-page","status-publish","hentry"],"_links":{"self":[{"href":"https:\/\/televo.vinteo.com.br\/index.php\/wp-json\/wp\/v2\/pages\/101","targetHints":{"allow":["GET"]}}],"collection":[{"href":"https:\/\/televo.vinteo.com.br\/index.php\/wp-json\/wp\/v2\/pages"}],"about":[{"href":"https:\/\/televo.vinteo.com.br\/index.php\/wp-json\/wp\/v2\/types\/page"}],"author":[{"embeddable":true,"href":"https:\/\/televo.vinteo.com.br\/index.php\/wp-json\/wp\/v2\/users\/1"}],"replies":[{"embeddable":true,"href":"https:\/\/televo.vinteo.com.br\/index.php\/wp-json\/wp\/v2\/comments?post=101"}],"version-history":[{"count":122,"href":"https:\/\/televo.vinteo.com.br\/index.php\/wp-json\/wp\/v2\/pages\/101\/revisions"}],"predecessor-version":[{"id":709,"href":"https:\/\/televo.vinteo.com.br\/index.php\/wp-json\/wp\/v2\/pages\/101\/revisions\/709"}],"wp:attachment":[{"href":"https:\/\/televo.vinteo.com.br\/index.php\/wp-json\/wp\/v2\/media?parent=101"}],"curies":[{"name":"wp","href":"https:\/\/api.w.org\/{rel}","templated":true}]}}