{"id":501,"date":"2025-08-19T02:37:22","date_gmt":"2025-08-19T02:37:22","guid":{"rendered":"https:\/\/televo.vinteo.com.br\/?page_id=501"},"modified":"2025-08-27T18:59:07","modified_gmt":"2025-08-27T18:59:07","slug":"noticias","status":"publish","type":"page","link":"https:\/\/televo.vinteo.com.br\/index.php\/noticias\/","title":{"rendered":"noticias"},"content":{"rendered":"\t\t<div data-elementor-type=\"wp-page\" data-elementor-id=\"501\" class=\"elementor elementor-501\" data-elementor-settings=\"{&quot;ha_cmc_init_switcher&quot;:&quot;no&quot;}\" data-elementor-post-type=\"page\">\n\t\t\t\t<div class=\"elementor-element elementor-element-ebd284b e-flex e-con-boxed e-con e-parent\" data-id=\"ebd284b\" data-element_type=\"container\" data-settings=\"{&quot;background_background&quot;:&quot;classic&quot;,&quot;_ha_eqh_enable&quot;:false}\">\n\t\t\t\t\t<div class=\"e-con-inner\">\n\t\t\t\t<div class=\"elementor-element elementor-element-51db8d5 elementor-widget elementor-widget-heading\" data-id=\"51db8d5\" data-element_type=\"widget\" data-widget_type=\"heading.default\">\n\t\t\t\t\t<h2 class=\"elementor-heading-title elementor-size-default\">O que falam <font color=\"#FFAF00\">de n\u00f3s!<\/font><\/h2>\t\t\t\t<\/div>\n\t\t\t\t<div class=\"elementor-element elementor-element-2ea8132 elementor-widget elementor-widget-text-editor\" data-id=\"2ea8132\" data-element_type=\"widget\" data-widget_type=\"text-editor.default\">\n\t\t\t\t\t\t\t\t\t<p>As principais not\u00edcias e reportagens feitas sobre a Te Levo<\/p>\t\t\t\t\t\t\t\t<\/div>\n\t\t\t\t\t<\/div>\n\t\t\t\t<\/div>\n\t\t<div class=\"elementor-element elementor-element-1a86d07 e-flex e-con-boxed e-con e-parent\" data-id=\"1a86d07\" data-element_type=\"container\" data-settings=\"{&quot;background_background&quot;:&quot;classic&quot;,&quot;_ha_eqh_enable&quot;:false}\">\n\t\t\t\t\t<div class=\"e-con-inner\">\n\t\t\t\t<div class=\"elementor-element elementor-element-0cc7b76 elementor-widget elementor-widget-heading\" data-id=\"0cc7b76\" data-element_type=\"widget\" data-widget_type=\"heading.default\">\n\t\t\t\t\t<h2 class=\"elementor-heading-title elementor-size-default\">Veja o que dizem da gente!<\/h2>\t\t\t\t<\/div>\n\t\t\t\t<div class=\"elementor-element elementor-element-4084a6a elementor-widget elementor-widget-heading\" data-id=\"4084a6a\" data-element_type=\"widget\" data-widget_type=\"heading.default\">\n\t\t\t\t\t<h2 class=\"elementor-heading-title elementor-size-default\">Principais Not\u00edcias que repercutiram nos \u00faltimos anos<\/h2>\t\t\t\t<\/div>\n\t\t<div class=\"elementor-element elementor-element-f4bf3d7 e-con-full e-flex e-con e-child\" data-id=\"f4bf3d7\" data-element_type=\"container\" data-settings=\"{&quot;_ha_eqh_enable&quot;:false}\">\n\t\t<div class=\"elementor-element elementor-element-0135d96 e-con-full e-flex e-con e-child\" data-id=\"0135d96\" data-element_type=\"container\" data-settings=\"{&quot;_ha_eqh_enable&quot;:false}\">\n\t\t\t\t<div class=\"elementor-element elementor-element-f6cee5e elementor-widget elementor-widget-image\" data-id=\"f6cee5e\" data-element_type=\"widget\" data-widget_type=\"image.default\">\n\t\t\t\t\t\t\t\t\t\t\t\t\t\t\t<img fetchpriority=\"high\" decoding=\"async\" width=\"509\" height=\"324\" src=\"https:\/\/televo.vinteo.com.br\/wp-content\/uploads\/2025\/08\/image-4.webp\" class=\"attachment-large size-large wp-image-84\" alt=\"\" srcset=\"https:\/\/televo.vinteo.com.br\/wp-content\/uploads\/2025\/08\/image-4.webp 509w, https:\/\/televo.vinteo.com.br\/wp-content\/uploads\/2025\/08\/image-4-300x191.webp 300w\" sizes=\"(max-width: 509px) 100vw, 509px\" \/>\t\t\t\t\t\t\t\t\t\t\t\t\t\t\t<\/div>\n\t\t\t\t<div class=\"elementor-element elementor-element-4741cde elementor-widget elementor-widget-text-editor\" data-id=\"4741cde\" data-element_type=\"widget\" data-widget_type=\"text-editor.default\">\n\t\t\t\t\t\t\t\t\t<p>O aplicativo de corridas Te Levo Mobile est\u00e1 ampliando suas dist\u00e2ncias percorridas, e chegar em mais 14 novas cidades&#8230;<\/p>\t\t\t\t\t\t\t\t<\/div>\n\t\t\t\t<div class=\"elementor-element elementor-element-a089da2 elementor-widget elementor-widget-button\" data-id=\"a089da2\" data-element_type=\"widget\" data-widget_type=\"button.default\">\n\t\t\t\t\t\t\t\t\t\t<a class=\"elementor-button elementor-button-link elementor-size-sm\" href=\"https:\/\/oglobo.globo.com\/blogs\/pense-grande\/post\/2023\/03\/te-levo-mobile-aplicativo-de-carro-expande-de-araxa-minas-gerais-para-mais-14-cidades.ghtml\" target=\"_blank\">\n\t\t\t\t\t\t<span class=\"elementor-button-content-wrapper\">\n\t\t\t\t\t\t<span class=\"elementor-button-icon\">\n\t\t\t\t<svg aria-hidden=\"true\" class=\"e-font-icon-svg e-far-bookmark\" viewBox=\"0 0 384 512\" xmlns=\"http:\/\/www.w3.org\/2000\/svg\"><path d=\"M336 0H48C21.49 0 0 21.49 0 48v464l192-112 192 112V48c0-26.51-21.49-48-48-48zm0 428.43l-144-84-144 84V54a6 6 0 0 1 6-6h276c3.314 0 6 2.683 6 5.996V428.43z\"><\/path><\/svg>\t\t\t<\/span>\n\t\t\t\t\t\t\t\t\t<span class=\"elementor-button-text\">Saiba mais<\/span>\n\t\t\t\t\t<\/span>\n\t\t\t\t\t<\/a>\n\t\t\t\t\t\t\t\t<\/div>\n\t\t\t\t<\/div>\n\t\t<div class=\"elementor-element elementor-element-a5e92a8 e-con-full e-flex e-con e-child\" data-id=\"a5e92a8\" data-element_type=\"container\" data-settings=\"{&quot;_ha_eqh_enable&quot;:false}\">\n\t\t\t\t<div class=\"elementor-element elementor-element-62c9bcc elementor-widget elementor-widget-image\" data-id=\"62c9bcc\" data-element_type=\"widget\" data-widget_type=\"image.default\">\n\t\t\t\t\t\t\t\t\t\t\t\t\t\t\t<img decoding=\"async\" width=\"510\" height=\"324\" src=\"https:\/\/televo.vinteo.com.br\/wp-content\/uploads\/2025\/08\/image-5.webp\" class=\"attachment-large size-large wp-image-85\" alt=\"\" srcset=\"https:\/\/televo.vinteo.com.br\/wp-content\/uploads\/2025\/08\/image-5.webp 510w, https:\/\/televo.vinteo.com.br\/wp-content\/uploads\/2025\/08\/image-5-300x191.webp 300w\" sizes=\"(max-width: 510px) 100vw, 510px\" \/>\t\t\t\t\t\t\t\t\t\t\t\t\t\t\t<\/div>\n\t\t\t\t<div class=\"elementor-element elementor-element-ad7df2d elementor-widget elementor-widget-text-editor\" data-id=\"ad7df2d\" data-element_type=\"widget\" data-widget_type=\"text-editor.default\">\n\t\t\t\t\t\t\t\t\t<p>S\u00e9rgio Brito fundou a Te Levo Mobile, concorrente local da Uber, ap\u00f3s perder o emprego durante a pandemia&#8230;<\/p>\t\t\t\t\t\t\t\t<\/div>\n\t\t\t\t<div class=\"elementor-element elementor-element-b07324f elementor-widget elementor-widget-button\" data-id=\"b07324f\" data-element_type=\"widget\" data-widget_type=\"button.default\">\n\t\t\t\t\t\t\t\t\t\t<a class=\"elementor-button elementor-button-link elementor-size-sm\" href=\"https:\/\/www.estadao.com.br\/pme\/morou-na-rua-fatura-2-mi-app-transporte-em-mg\/\" target=\"_blank\">\n\t\t\t\t\t\t<span class=\"elementor-button-content-wrapper\">\n\t\t\t\t\t\t<span class=\"elementor-button-icon\">\n\t\t\t\t<svg aria-hidden=\"true\" class=\"e-font-icon-svg e-far-bookmark\" viewBox=\"0 0 384 512\" xmlns=\"http:\/\/www.w3.org\/2000\/svg\"><path d=\"M336 0H48C21.49 0 0 21.49 0 48v464l192-112 192 112V48c0-26.51-21.49-48-48-48zm0 428.43l-144-84-144 84V54a6 6 0 0 1 6-6h276c3.314 0 6 2.683 6 5.996V428.43z\"><\/path><\/svg>\t\t\t<\/span>\n\t\t\t\t\t\t\t\t\t<span class=\"elementor-button-text\">Saiba mais<\/span>\n\t\t\t\t\t<\/span>\n\t\t\t\t\t<\/a>\n\t\t\t\t\t\t\t\t<\/div>\n\t\t\t\t<\/div>\n\t\t<div class=\"elementor-element elementor-element-1b60160 e-con-full e-flex e-con e-child\" data-id=\"1b60160\" data-element_type=\"container\" data-settings=\"{&quot;_ha_eqh_enable&quot;:false}\">\n\t\t\t\t<div class=\"elementor-element elementor-element-3e1f392 elementor-widget elementor-widget-image\" data-id=\"3e1f392\" data-element_type=\"widget\" data-widget_type=\"image.default\">\n\t\t\t\t\t\t\t\t\t\t\t\t\t\t\t<img decoding=\"async\" width=\"510\" height=\"324\" src=\"https:\/\/televo.vinteo.com.br\/wp-content\/uploads\/2025\/08\/image-6.webp\" class=\"attachment-large size-large wp-image-86\" alt=\"\" srcset=\"https:\/\/televo.vinteo.com.br\/wp-content\/uploads\/2025\/08\/image-6.webp 510w, https:\/\/televo.vinteo.com.br\/wp-content\/uploads\/2025\/08\/image-6-300x191.webp 300w\" sizes=\"(max-width: 510px) 100vw, 510px\" \/>\t\t\t\t\t\t\t\t\t\t\t\t\t\t\t<\/div>\n\t\t\t\t<div class=\"elementor-element elementor-element-ca68efd elementor-widget elementor-widget-text-editor\" data-id=\"ca68efd\" data-element_type=\"widget\" data-widget_type=\"text-editor.default\">\n\t\t\t\t\t\t\t\t\t<p>&#8221;Minha empresa oferece aos motoristas benef\u00edcios exclusivos, como descontos em servi\u00e7os de sa\u00fade&#8221;<\/p>\t\t\t\t\t\t\t\t<\/div>\n\t\t\t\t<div class=\"elementor-element elementor-element-d72ac24 elementor-widget elementor-widget-button\" data-id=\"d72ac24\" data-element_type=\"widget\" data-widget_type=\"button.default\">\n\t\t\t\t\t\t\t\t\t\t<a class=\"elementor-button elementor-button-link elementor-size-sm\" href=\"https:\/\/forbes.com.br\/forbes-tech\/2023\/10\/dia-do-empreendedor-5-historias-de-sucesso-e-superacao-por-meio-da-tecnologia\/\" target=\"_blank\">\n\t\t\t\t\t\t<span class=\"elementor-button-content-wrapper\">\n\t\t\t\t\t\t<span class=\"elementor-button-icon\">\n\t\t\t\t<svg aria-hidden=\"true\" class=\"e-font-icon-svg e-far-bookmark\" viewBox=\"0 0 384 512\" xmlns=\"http:\/\/www.w3.org\/2000\/svg\"><path d=\"M336 0H48C21.49 0 0 21.49 0 48v464l192-112 192 112V48c0-26.51-21.49-48-48-48zm0 428.43l-144-84-144 84V54a6 6 0 0 1 6-6h276c3.314 0 6 2.683 6 5.996V428.43z\"><\/path><\/svg>\t\t\t<\/span>\n\t\t\t\t\t\t\t\t\t<span class=\"elementor-button-text\">Saiba mais<\/span>\n\t\t\t\t\t<\/span>\n\t\t\t\t\t<\/a>\n\t\t\t\t\t\t\t\t<\/div>\n\t\t\t\t<\/div>\n\t\t\t\t<\/div>\n\t\t\t\t\t<\/div>\n\t\t\t\t<\/div>\n\t\t\t\t<\/div>\n\t\t","protected":false},"excerpt":{"rendered":"<p>O que falam de n\u00f3s! As principais not\u00edcias e reportagens feitas sobre a Te Levo Veja o que dizem da gente! Principais Not\u00edcias que repercutiram nos \u00faltimos anos O aplicativo de corridas Te Levo Mobile est\u00e1 ampliando suas dist\u00e2ncias percorridas, e chegar em mais 14 novas cidades&#8230; Saiba mais S\u00e9rgio Brito fundou a Te Levo [&hellip;]<\/p>\n","protected":false},"author":1,"featured_media":0,"parent":0,"menu_order":0,"comment_status":"closed","ping_status":"closed","template":"elementor_header_footer","meta":{"footnotes":""},"class_list":["post-501","page","type-page","status-publish","hentry"],"_links":{"self":[{"href":"https:\/\/televo.vinteo.com.br\/index.php\/wp-json\/wp\/v2\/pages\/501","targetHints":{"allow":["GET"]}}],"collection":[{"href":"https:\/\/televo.vinteo.com.br\/index.php\/wp-json\/wp\/v2\/pages"}],"about":[{"href":"https:\/\/televo.vinteo.com.br\/index.php\/wp-json\/wp\/v2\/types\/page"}],"author":[{"embeddable":true,"href":"https:\/\/televo.vinteo.com.br\/index.php\/wp-json\/wp\/v2\/users\/1"}],"replies":[{"embeddable":true,"href":"https:\/\/televo.vinteo.com.br\/index.php\/wp-json\/wp\/v2\/comments?post=501"}],"version-history":[{"count":22,"href":"https:\/\/televo.vinteo.com.br\/index.php\/wp-json\/wp\/v2\/pages\/501\/revisions"}],"predecessor-version":[{"id":698,"href":"https:\/\/televo.vinteo.com.br\/index.php\/wp-json\/wp\/v2\/pages\/501\/revisions\/698"}],"wp:attachment":[{"href":"https:\/\/televo.vinteo.com.br\/index.php\/wp-json\/wp\/v2\/media?parent=501"}],"curies":[{"name":"wp","href":"https:\/\/api.w.org\/{rel}","templated":true}]}}